{"id":30,"date":"2023-08-11T18:26:07","date_gmt":"2023-08-11T16:26:07","guid":{"rendered":"https:\/\/justcoworking.com\/?page_id=30"},"modified":"2024-04-15T18:45:19","modified_gmt":"2024-04-15T16:45:19","slug":"contact","status":"publish","type":"page","link":"https:\/\/justcoworking.com\/es\/contact\/","title":{"rendered":"Contacto"},"content":{"rendered":"<div class=\"wp-block-columns alignfull is-layout-flex wp-container-core-columns-is-layout-28f84493 wp-block-columns-is-layout-flex\">\n<div class=\"wp-block-column is-layout-flow wp-block-column-is-layout-flow\">\n<div style=\"width: 100%\"><iframe src=\"https:\/\/www.google.com\/maps\/embed?pb=!1m18!1m12!1m3!1d4347.1085343085415!2d2.7096826572288655!3d39.60761257543486!2m3!1f0!2f0!3f0!3m2!1i1024!2i768!4f13.1!3m3!1m2!1s0x1297951c227bebe9%3A0x9104724de44d3470!2sJustcoworking%20-%20Workspaces!5e0!3m2!1ses!2ses!4v1713199348710!5m2!1ses!2ses\" width=\"100%\" height=\"400\" style=\"border:0;\" allowfullscreen=\"\" loading=\"lazy\" referrerpolicy=\"no-referrer-when-downgrade\"><\/iframe><\/div>\n\n\n\n<p><\/p>\n<\/div>\n<\/div>\n\n\n\n<div class=\"wp-block-columns container is-layout-flex wp-container-core-columns-is-layout-28f84493 wp-block-columns-is-layout-flex\">\n<div class=\"wp-block-column is-vertically-aligned-center is-layout-flow wp-block-column-is-layout-flow\">\n<h2 class=\"wp-block-heading hestia-title\">Env\u00edanos un <font color=\"#ff730e\" ;=\"\"> mensaje<\/font><\/h2>\n\n\n\n<div style=\"height:40px\" aria-hidden=\"true\" class=\"wp-block-spacer\"><\/div>\n\n\n\n<div class=\"contact-wrapper\">\n\t\t\t\t\t\t\t\t\t\t\t\t\t\t\t\t\t\t\t<div class=\"content\">\n\t\t\t\n\t\t\t  <form action=\"\">\n\t\t\t   <div class=\"form-group\">\n\t\t\t    <input type=\"text\" id=\"fname\" name=\"firstname\" placeholder=\"Su nombre..\">\n\t\t\t<\/div>\n\t\t\t<div class=\"form-group\">\n\t\t\t    <input type=\"text\" id=\"lname\" name=\"lastname\" placeholder=\"Tu apellido..\">\n\t\t\t<\/div>\n\t\t\t<div class=\"form-group\">\n\t\t\t    <textarea id=\"subject\" name=\"subject\" placeholder=\"Escribe algo..\" style=\"height:200px\"><\/textarea>\n\t\t\t<\/div>\n\t\t\t    <input type=\"submit\" value=\"Entregar\">\n\t\t\t\n\t\t\t  <input type=\"hidden\" name=\"trp-form-language\" value=\"es\"\/><\/form>\n\t\t\t<\/div>\n\t\t\t<\/div>\n<\/div>\n\n\n\n<div class=\"wp-block-column is-vertically-aligned-center is-layout-flow wp-block-column-is-layout-flow\">\n<div class=\"wp-block-columns is-layout-flex wp-container-core-columns-is-layout-28f84493 wp-block-columns-is-layout-flex\">\n<div class=\"wp-block-column is-layout-flow wp-block-column-is-layout-flow\"><\/div>\n\n\n\n<div class=\"wp-block-column is-layout-flow wp-block-column-is-layout-flow\" style=\"flex-basis:50%\">\n<h4 class=\"wp-block-heading has-text-align-left hestia-title has-text-color\" style=\"color:#3c4858;font-size:18px\"><svg xmlns=\"http:\/\/www.w3.org\/2000\/svg\" height=\"1.5em\" viewbox=\"0 0 576 512\"><!--! Font Awesome Free 6.4.2 by @fontawesome - https:\/\/fontawesome.com License - https:\/\/fontawesome.com\/license (Commercial License) Copyright 2023 Fonticons, Inc. --><style>svg{fill:#ff730e}<\/style><path d=\"M384 476.1L192 421.2V35.9L384 90.8V476.1zm32-1.2V88.4L543.1 37.5c15.8-6.3 32.9 5.3 32.9 22.3V394.6c0 9.8-6 18.6-15.1 22.3L416 474.8zM15.1 95.1L160 37.2V423.6L32.9 474.5C17.1 480.8 0 469.2 0 452.2V117.4c0-9.8 6-18.6 15.1-22.3z\"><\/path><\/svg><strong> Encu\u00e9ntranos en el <i><font color=\"#ff730e\">oficina<\/font><\/i><\/strong><\/h4>\n\n\n\n<p class=\"has-text-align-left has-text-color\" style=\"color:#999999;font-size:14px\">Calle Cabrera, 15<br>Cas Capita, Marratx\u00ed.<br>Palma de Mallorca.<\/p>\n\n\n\n<div style=\"height:40px\" aria-hidden=\"true\" class=\"wp-block-spacer\"><\/div>\n\n\n\n<h4 class=\"wp-block-heading has-text-align-left hestia-title has-text-color\" style=\"color:#3c4858;font-size:18px\"><svg xmlns=\"http:\/\/www.w3.org\/2000\/svg\" height=\"1.5em\" viewbox=\"0 0 512 512\"><!--! Font Awesome Free 6.4.2 by @fontawesome - https:\/\/fontawesome.com License - https:\/\/fontawesome.com\/license (Commercial License) Copyright 2023 Fonticons, Inc. --><style>svg{fill:#ff730e}<\/style><path d=\"M164.9 24.6c-7.7-18.6-28-28.5-47.4-23.2l-88 24C12.1 30.2 0 46 0 64C0 311.4 200.6 512 448 512c18 0 33.8-12.1 38.6-29.5l24-88c5.3-19.4-4.6-39.7-23.2-47.4l-96-40c-16.3-6.8-35.2-2.1-46.3 11.6L304.7 368C234.3 334.7 177.3 277.7 144 207.3L193.3 167c13.7-11.2 18.4-30 11.6-46.3l-40-96z\"><\/path><\/svg><strong> Danos <i><font color=\"#ff730e\">un llamado<\/font><\/i><\/strong><\/h4>\n\n\n\n<p class=\"has-text-align-left has-text-color\" style=\"color:#999999;font-size:14px\">Oficina Justcoworking.<br>+34 641 688 210<br>Lunes a viernes, de 8:00 a 20:00 (GMT +2)<\/p>\n\n\n\n<div style=\"height:40px\" aria-hidden=\"true\" class=\"wp-block-spacer\"><\/div>\n\n\n\n<h4 class=\"wp-block-heading has-text-align-left hestia-title has-text-color\" style=\"color:#3c4858;font-size:18px\"><svg xmlns=\"http:\/\/www.w3.org\/2000\/svg\" height=\"1.5em\" viewbox=\"0 0 512 512\"><!--! Font Awesome Free 6.4.2 by @fontawesome - https:\/\/fontawesome.com License - https:\/\/fontawesome.com\/license (Commercial License) Copyright 2023 Fonticons, Inc. --><style>svg{fill:#ff730e}<\/style><path d=\"M256 512A256 256 0 1 0 256 0a256 256 0 1 0 0 512zM216 336h24V272H216c-13.3 0-24-10.7-24-24s10.7-24 24-24h48c13.3 0 24 10.7 24 24v88h8c13.3 0 24 10.7 24 24s-10.7 24-24 24H216c-13.3 0-24-10.7-24-24s10.7-24 24-24zm40-208a32 32 0 1 1 0 64 32 32 0 1 1 0-64z\"><\/path><\/svg><strong> Legal <i><font color=\"#ff730e\">informaci\u00f3n<\/font><\/i><\/strong><\/h4>\n\n\n\n<p class=\"has-text-align-left has-text-color\" style=\"color:#999999;font-size:14px\">oficina@justcoworking.com<\/p>\n<\/div>\n\n\n\n<div class=\"wp-block-column is-layout-flow wp-block-column-is-layout-flow\"><\/div>\n<\/div>\n<\/div>\n<\/div>\n\n\n\n<p><\/p>","protected":false},"excerpt":{"rendered":"<p>Env\u00edanos un mensaje Encu\u00e9ntranos en la oficina Calle Cabrera, 15Cas Capita, Marratx\u00ed.Palma de Mallorca. Ll\u00e1manos Oficina Justcoworking.+34 641 688 210 Lun \u2013 Vie, 8:00-20:00 (GMT +2) Informaci\u00f3n legal oficina@justcoworking.com<\/p>","protected":false},"author":1,"featured_media":0,"parent":0,"menu_order":0,"comment_status":"closed","ping_status":"closed","template":"page-templates\/template-pagebuilder-full-width.php","meta":{"_joinchat":[],"footnotes":""},"class_list":["post-30","page","type-page","status-publish","hentry"],"yoast_head":"<!-- This site is optimized with the Yoast SEO plugin v27.1.1 - https:\/\/yoast.com\/product\/yoast-seo-wordpress\/ -->\n<title>Contact - Justcoworking - workspaces<\/title>\n<meta name=\"robots\" content=\"index, follow, max-snippet:-1, max-image-preview:large, max-video-preview:-1\" \/>\n<link rel=\"canonical\" href=\"https:\/\/justcoworking.com\/es\/contact\/\" \/>\n<meta property=\"og:locale\" content=\"es_ES\" \/>\n<meta property=\"og:type\" content=\"article\" \/>\n<meta property=\"og:title\" content=\"Contact - Justcoworking - workspaces\" \/>\n<meta property=\"og:description\" content=\"Send us a message Find us at the office Calle Cabrera, 15Cas Capita, Marratx\u00ed.Palma de Mallorca. Give us a ring Office Justcoworking.+34 641 688 210Mon &#8211; Fri, 8:00-20:00 (GMT +2) Legal information oficina@justcoworking.com\" \/>\n<meta property=\"og:url\" content=\"https:\/\/justcoworking.com\/es\/contact\/\" \/>\n<meta property=\"og:site_name\" content=\"Justcoworking - workspaces\" \/>\n<meta property=\"article:modified_time\" content=\"2024-04-15T16:45:19+00:00\" \/>\n<meta name=\"twitter:card\" content=\"summary_large_image\" \/>\n<meta name=\"twitter:label1\" content=\"Tiempo de lectura\" \/>\n\t<meta name=\"twitter:data1\" content=\"1 minuto\" \/>\n<script type=\"application\/ld+json\" class=\"yoast-schema-graph\">{\"@context\":\"https:\/\/schema.org\",\"@graph\":[{\"@type\":\"WebPage\",\"@id\":\"https:\/\/justcoworking.com\/contact\/\",\"url\":\"https:\/\/justcoworking.com\/contact\/\",\"name\":\"Contact - Justcoworking - workspaces\",\"isPartOf\":{\"@id\":\"https:\/\/justcoworking.com\/#website\"},\"datePublished\":\"2023-08-11T16:26:07+00:00\",\"dateModified\":\"2024-04-15T16:45:19+00:00\",\"breadcrumb\":{\"@id\":\"https:\/\/justcoworking.com\/contact\/#breadcrumb\"},\"inLanguage\":\"es\",\"potentialAction\":[{\"@type\":\"ReadAction\",\"target\":[\"https:\/\/justcoworking.com\/contact\/\"]}]},{\"@type\":\"BreadcrumbList\",\"@id\":\"https:\/\/justcoworking.com\/contact\/#breadcrumb\",\"itemListElement\":[{\"@type\":\"ListItem\",\"position\":1,\"name\":\"Portada\",\"item\":\"https:\/\/justcoworking.com\/\"},{\"@type\":\"ListItem\",\"position\":2,\"name\":\"Contact\"}]},{\"@type\":\"WebSite\",\"@id\":\"https:\/\/justcoworking.com\/#website\",\"url\":\"https:\/\/justcoworking.com\/\",\"name\":\"Justcoworking - workspaces\",\"description\":\"Work, connect, and thrive in our coworking space\",\"publisher\":{\"@id\":\"https:\/\/justcoworking.com\/#organization\"},\"potentialAction\":[{\"@type\":\"SearchAction\",\"target\":{\"@type\":\"EntryPoint\",\"urlTemplate\":\"https:\/\/justcoworking.com\/?s={search_term_string}\"},\"query-input\":{\"@type\":\"PropertyValueSpecification\",\"valueRequired\":true,\"valueName\":\"search_term_string\"}}],\"inLanguage\":\"es\"},{\"@type\":\"Organization\",\"@id\":\"https:\/\/justcoworking.com\/#organization\",\"name\":\"Justcoworking - workspaces\",\"url\":\"https:\/\/justcoworking.com\/\",\"logo\":{\"@type\":\"ImageObject\",\"inLanguage\":\"es\",\"@id\":\"https:\/\/justcoworking.com\/#\/schema\/logo\/image\/\",\"url\":\"https:\/\/justcoworking.com\/wp-content\/uploads\/2023\/08\/cropped-Justcoworking-Logo-512-\u00d7-512-px-1.png\",\"contentUrl\":\"https:\/\/justcoworking.com\/wp-content\/uploads\/2023\/08\/cropped-Justcoworking-Logo-512-\u00d7-512-px-1.png\",\"width\":512,\"height\":512,\"caption\":\"Justcoworking - workspaces\"},\"image\":{\"@id\":\"https:\/\/justcoworking.com\/#\/schema\/logo\/image\/\"}}]}<\/script>\n<!-- \/ Yoast SEO plugin. -->","yoast_head_json":{"title":"Contacto - Justcoworking - espacios de trabajo","robots":{"index":"index","follow":"follow","max-snippet":"max-snippet:-1","max-image-preview":"max-image-preview:large","max-video-preview":"max-video-preview:-1"},"canonical":"https:\/\/justcoworking.com\/es\/contact\/","og_locale":"es_ES","og_type":"article","og_title":"Contact - Justcoworking - workspaces","og_description":"Send us a message Find us at the office Calle Cabrera, 15Cas Capita, Marratx\u00ed.Palma de Mallorca. Give us a ring Office Justcoworking.+34 641 688 210Mon &#8211; Fri, 8:00-20:00 (GMT +2) Legal information oficina@justcoworking.com","og_url":"https:\/\/justcoworking.com\/es\/contact\/","og_site_name":"Justcoworking - workspaces","article_modified_time":"2024-04-15T16:45:19+00:00","twitter_card":"summary_large_image","twitter_misc":{"Tiempo de lectura":"1 minuto"},"schema":{"@context":"https:\/\/schema.org","@graph":[{"@type":"WebPage","@id":"https:\/\/justcoworking.com\/contact\/","url":"https:\/\/justcoworking.com\/contact\/","name":"Contacto - Justcoworking - espacios de trabajo","isPartOf":{"@id":"https:\/\/justcoworking.com\/#website"},"datePublished":"2023-08-11T16:26:07+00:00","dateModified":"2024-04-15T16:45:19+00:00","breadcrumb":{"@id":"https:\/\/justcoworking.com\/contact\/#breadcrumb"},"inLanguage":"es","potentialAction":[{"@type":"ReadAction","target":["https:\/\/justcoworking.com\/contact\/"]}]},{"@type":"BreadcrumbList","@id":"https:\/\/justcoworking.com\/contact\/#breadcrumb","itemListElement":[{"@type":"ListItem","position":1,"name":"Portada","item":"https:\/\/justcoworking.com\/"},{"@type":"ListItem","position":2,"name":"Contact"}]},{"@type":"WebSite","@id":"https:\/\/justcoworking.com\/#website","url":"https:\/\/justcoworking.com\/","name":"Justcoworking - espacios de trabajo","description":"Trabaje, con\u00e9ctese y prospere en nuestro espacio de coworking","publisher":{"@id":"https:\/\/justcoworking.com\/#organization"},"potentialAction":[{"@type":"SearchAction","target":{"@type":"EntryPoint","urlTemplate":"https:\/\/justcoworking.com\/?s={search_term_string}"},"query-input":{"@type":"PropertyValueSpecification","valueRequired":true,"valueName":"search_term_string"}}],"inLanguage":"es"},{"@type":"Organization","@id":"https:\/\/justcoworking.com\/#organization","name":"Justcoworking - espacios de trabajo","url":"https:\/\/justcoworking.com\/","logo":{"@type":"ImageObject","inLanguage":"es","@id":"https:\/\/justcoworking.com\/#\/schema\/logo\/image\/","url":"https:\/\/justcoworking.com\/wp-content\/uploads\/2023\/08\/cropped-Justcoworking-Logo-512-\u00d7-512-px-1.png","contentUrl":"https:\/\/justcoworking.com\/wp-content\/uploads\/2023\/08\/cropped-Justcoworking-Logo-512-\u00d7-512-px-1.png","width":512,"height":512,"caption":"Justcoworking - workspaces"},"image":{"@id":"https:\/\/justcoworking.com\/#\/schema\/logo\/image\/"}}]}},"_links":{"self":[{"href":"https:\/\/justcoworking.com\/es\/wp-json\/wp\/v2\/pages\/30","targetHints":{"allow":["GET"]}}],"collection":[{"href":"https:\/\/justcoworking.com\/es\/wp-json\/wp\/v2\/pages"}],"about":[{"href":"https:\/\/justcoworking.com\/es\/wp-json\/wp\/v2\/types\/page"}],"author":[{"embeddable":true,"href":"https:\/\/justcoworking.com\/es\/wp-json\/wp\/v2\/users\/1"}],"replies":[{"embeddable":true,"href":"https:\/\/justcoworking.com\/es\/wp-json\/wp\/v2\/comments?post=30"}],"version-history":[{"count":30,"href":"https:\/\/justcoworking.com\/es\/wp-json\/wp\/v2\/pages\/30\/revisions"}],"predecessor-version":[{"id":369,"href":"https:\/\/justcoworking.com\/es\/wp-json\/wp\/v2\/pages\/30\/revisions\/369"}],"wp:attachment":[{"href":"https:\/\/justcoworking.com\/es\/wp-json\/wp\/v2\/media?parent=30"}],"curies":[{"name":"gracias","href":"https:\/\/api.w.org\/{rel}","templated":true}]}}